{"id":32,"date":"2009-02-28T18:46:19","date_gmt":"2009-02-28T17:46:19","guid":{"rendered":"http:\/\/www.loucamino.com\/?page_id=32"},"modified":"2013-11-05T09:59:49","modified_gmt":"2013-11-05T08:59:49","slug":"essai","status":"publish","type":"page","link":"https:\/\/www.loucamino.com\/?page_id=32","title":{"rendered":"Essais"},"content":{"rendered":"<ul class=\"wpsocialite social-buttons large\"><\/ul><p>Ici, place au texte seul&#8230;<\/p>\n<p><a title=\"Les mots s'entrechoquent\" href=\"http:\/\/www.loucamino.com\/?page_id=1623\" target=\"_blank\">Les mots s&rsquo;entrechoquent<\/a> : Il y a des longueurs. Ah le temps. Ecrire. Mots qui passent par la t\u00eate. Lecture. Et oui, la feuille de chou. Carr\u00e9 d\u2019As. L\u2019unit\u00e9. A saisir. Le livre. Puis \u00e0 retourner. Comme une escalope. Avec du\u00a0broccio\u00a0\u00e9videmment. Pas comme la chanson. Monsieur et madame Lezautre ont deux fils\u00a0: C\u00f4me et Pac\u00f4me. Comique\u2026 Le spectacle. Les enfants ont du mal \u00e0 prononcer ce mot. Ils disent\u00a0\u00ab\u00a0septacle\u00a0\u00bb, mais on les comprend. (&#8230;)<\/p>\n<p><a title=\"Diversion\" href=\"http:\/\/www.loucamino.com\/?page_id=24\" target=\"_blank\">Diversion<\/a> : Etrange et inhabituel \u00e9lan de solidarit\u00e9. Dans le 54. Le bus. J\u2019ai d\u00e9cid\u00e9 de le prendre pour me rendre \u00e0 la Gare du Nord. Arriv\u00e9s \u00e0 la station Victor Hugo \u2013 Jean Jaur\u00e8s, le bus s\u2019immobilise plus que de nature. Mal gar\u00e9, un Trafic. Si mal gar\u00e9 qu\u2019il semble toucher l\u2019arri\u00e8re du bus. A moins que ce ne soit l\u2019inverse. C\u2019est en tout cas ce que son propri\u00e9taire aimerait faire croire. Le chauffeur du bus descend. Des mots s\u2019\u00e9changent. (&#8230;)<br \/>\n<\/p>\n<div id=\"iLikeThis-32\" class=\"iLikeThis\"><span class=\"counter\"><a onclick=\"likeThis(32);\" class=\"image\">0<\/a><\/span><\/div>\n<p><a href=\"http:\/\/www.facebook.com\/share.php?u=https%3A%2F%2Fwww.loucamino.com%2F%3Fpage_id%3D32&amp;t=Essais\" id=\"facebook_share_both_32\" style=\"font-size:11px; line-height:13px; font-family:'lucida grande',tahoma,verdana,arial,sans-serif; text-decoration:none; padding:2px 0 0 20px; height:16px; background:url(http:\/\/b.static.ak.fbcdn.net\/images\/share\/facebook_share_icon.gif) no-repeat top left;\">Share on Facebook<\/a><br \/>\n\t<script type=\"text\/javascript\">\n\t<!--\n\tvar button = document.getElementById('facebook_share_link_32') || document.getElementById('facebook_share_icon_32') || document.getElementById('facebook_share_both_32') || document.getElementById('facebook_share_button_32');\n\tif (button) {\n\t\tbutton.onclick = function(e) {\n\t\t\tvar url = this.href.replace(\/share\\.php\/, 'sharer.php');\n\t\t\twindow.open(url,'sharer','toolbar=0,status=0,width=626,height=436');\n\t\t\treturn false;\n\t\t}\n\t\n\t\tif (button.id === 'facebook_share_button_32') {\n\t\t\tbutton.onmouseover = function(){\n\t\t\t\tthis.style.color='#fff';\n\t\t\t\tthis.style.borderColor = '#295582';\n\t\t\t\tthis.style.backgroundColor = '#3b5998';\n\t\t\t}\n\t\t\tbutton.onmouseout = function(){\n\t\t\t\tthis.style.color = '#3b5998';\n\t\t\t\tthis.style.borderColor = '#d8dfea';\n\t\t\t\tthis.style.backgroundColor = '#fff';\n\t\t\t}\n\t\t}\n\t}\n\t-->\n\t<\/script><\/p>\n","protected":false},"excerpt":{"rendered":"<p>Ici, place au texte seul&#8230; Les mots s&rsquo;entrechoquent : Il y a des longueurs. Ah le temps. Ecrire. Mots qui passent par la t\u00eate. Lecture. Et oui, la feuille de chou. Carr\u00e9 d\u2019As. L\u2019unit\u00e9. A saisir. Le livre. Puis \u00e0 retourner. Comme une escalope. Avec du\u00a0broccio\u00a0\u00e9videmment. Pas comme la chanson. Monsieur et madame Lezautre ont [&hellip;]<\/p>\n<a href=\"http:\/\/www.facebook.com\/share.php?u=https%3A%2F%2Fwww.loucamino.com%2F%3Fpage_id%3D32&amp;t=Essais\" id=\"facebook_share_both_32\" style=\"font-size:11px; line-height:13px; font-family:'lucida grande',tahoma,verdana,arial,sans-serif; text-decoration:none; padding:2px 0 0 20px; height:16px; background:url(http:\/\/b.static.ak.fbcdn.net\/images\/share\/facebook_share_icon.gif) no-repeat top left;\">Share on Facebook<\/a>\r\n\t<script type=\"text\/javascript\">\r\n\t<!--\r\n\tvar button = document.getElementById('facebook_share_link_32') || document.getElementById('facebook_share_icon_32') || document.getElementById('facebook_share_both_32') || document.getElementById('facebook_share_button_32');\r\n\tif (button) {\r\n\t\tbutton.onclick = function(e) {\r\n\t\t\tvar url = this.href.replace(\/share\\.php\/, 'sharer.php');\r\n\t\t\twindow.open(url,'sharer','toolbar=0,status=0,width=626,height=436');\r\n\t\t\treturn false;\r\n\t\t}\r\n\t\r\n\t\tif (button.id === 'facebook_share_button_32') {\r\n\t\t\tbutton.onmouseover = function(){\r\n\t\t\t\tthis.style.color='#fff';\r\n\t\t\t\tthis.style.borderColor = '#295582';\r\n\t\t\t\tthis.style.backgroundColor = '#3b5998';\r\n\t\t\t}\r\n\t\t\tbutton.onmouseout = function(){\r\n\t\t\t\tthis.style.color = '#3b5998';\r\n\t\t\t\tthis.style.borderColor = '#d8dfea';\r\n\t\t\t\tthis.style.backgroundColor = '#fff';\r\n\t\t\t}\r\n\t\t}\r\n\t}\r\n\t-->\r\n\t<\/script>\r\n\t","protected":false},"author":1,"featured_media":0,"parent":0,"menu_order":2,"comment_status":"closed","ping_status":"closed","template":"","meta":{"ngg_post_thumbnail":0},"_links":{"self":[{"href":"https:\/\/www.loucamino.com\/index.php?rest_route=\/wp\/v2\/pages\/32"}],"collection":[{"href":"https:\/\/www.loucamino.com\/index.php?rest_route=\/wp\/v2\/pages"}],"about":[{"href":"https:\/\/www.loucamino.com\/index.php?rest_route=\/wp\/v2\/types\/page"}],"author":[{"embeddable":true,"href":"https:\/\/www.loucamino.com\/index.php?rest_route=\/wp\/v2\/users\/1"}],"replies":[{"embeddable":true,"href":"https:\/\/www.loucamino.com\/index.php?rest_route=%2Fwp%2Fv2%2Fcomments&post=32"}],"version-history":[{"count":2,"href":"https:\/\/www.loucamino.com\/index.php?rest_route=\/wp\/v2\/pages\/32\/revisions"}],"predecessor-version":[{"id":14564,"href":"https:\/\/www.loucamino.com\/index.php?rest_route=\/wp\/v2\/pages\/32\/revisions\/14564"}],"wp:attachment":[{"href":"https:\/\/www.loucamino.com\/index.php?rest_route=%2Fwp%2Fv2%2Fmedia&parent=32"}],"curies":[{"name":"wp","href":"https:\/\/api.w.org\/{rel}","templated":true}]}}