{"id":2,"date":"2009-02-21T22:48:12","date_gmt":"2009-02-21T21:48:12","guid":{"rendered":"http:\/\/www.loucamino.com\/?page_id=2"},"modified":"2016-01-19T10:38:25","modified_gmt":"2016-01-19T09:38:25","slug":"a-propos","status":"publish","type":"page","link":"https:\/\/www.loucamino.com\/?page_id=2","title":{"rendered":"\u00c0 propos"},"content":{"rendered":"<ul class=\"wpsocialite social-buttons large\"><\/ul><p><span class=\"Apple-style-span\">Issue de formations en physique, journalisme scientifique et sociologie du cin\u00e9ma, disciplines qui n&rsquo;ont fait qu&rsquo;aiguiser son insatiable curiosit\u00e9, Lou Camino m\u00e8ne des projets artistiques, individuels et collectifs, s&rsquo;appuyant sur les arts visuels, la photographie en t\u00eate, ainsi que l&rsquo;\u00e9criture, souvent associ\u00e9e \u00e0 l&rsquo;image.<\/p>\n<p>Habit\u00e9e par l&rsquo;id\u00e9e que la vie ne se r\u00e9sume pas \u00e0 l&rsquo;ici, elle met \u00e0 profit ce don de la nature pour aller sonder l&rsquo;ailleurs le plus souvent possible. Posant un regard po\u00e9tique et optimiste sur le monde, elle ram\u00e8ne de ses diverses p\u00e9r\u00e9grinations, courtes &#8211; 4 jours \u00e0 Detroit &#8211; ou longues &#8211; 393 jours aux Iles Kerguelen &#8211; images, impressions et r\u00e9flexions qu&rsquo;elle a \u00e0 coeur de partager sous une forme ou une autre.<\/p>\n<p>Port\u00e9e par le collectif, elle imagine, en 2010, le\u00a0<a href=\"http:\/\/www.objectif3280.com\/\" target=\"_blank\">projet Objectif3280<\/a>, mat\u00e9rialis\u00e9 avec Coralie Vincent, un projet photographique participatif en ligne, mondial et en temps r\u00e9el (4 \u00e9ditions, 600 participants, 45 pays impliqu\u00e9s). Si l&rsquo;intention premi\u00e8re de ce projet-\u00e9v\u00e9nement est de cr\u00e9er une oeuvre po\u00e9tico-photographique avec des inconnus, il interroge \u00e9galement la place et le r\u00f4le de la photographie dans nos vies.<\/p>\n<p>Depuis 2012, elle d\u00e9veloppe une approche photographique documentaire en suivant des projets &#8211; artistique, p\u00e9dagogique&#8230; &#8211; dans leur enti\u00e8ret\u00e9, dans l&rsquo;espoir de mieux saisir et de t\u00e9moigner des processus de cr\u00e9ation mis en oeuvre pour les mener \u00e0 bien. Dans cette perspective, elle accompagne la Cie Le Bouc sur le Toit sur ses diverses cr\u00e9ations th\u00e9\u00e2trales.<\/p>\n<p>Lou Camino expose. Elle publie ses photographies et textes quotidiennement (sur son site depuis 2009) et ponctuellement (magazine, \u00e9dition, sites, ebook&#8230;).<\/span><\/p>\n<p><span class=\"Apple-style-span\">Lou Camino est membre du <a title=\"studio hans lucas\" href=\"http:\/\/hanslucas.com\/hanslucas\" target=\"_blank\">studio hans lucas<\/a> depuis 2015.<\/span><\/p>\n<p>*<\/p>\n<p>*<\/p>\n<p>*<\/p>\n<p>*<\/p>\n<p>Ailleurs&#8230;<\/p>\n<p>Quelques-uns de ses\u00a0travaux sont convertis en e-book et visibles dans sa\u00a0<a title=\"Biblioth\u00e8que Issuu.com\" href=\"http:\/\/issuu.com\/lou_camino\" target=\"_blank\">biblioth\u00e8que issuu<\/a>.<\/p>\n<p>Co-r\u00e9dactrice en chef, avec Kristophe No\u00ebl, de <a title=\"M\u00e9dyn\" href=\"http:\/\/medyn.tumblr.com\/\" target=\"_blank\">M\u00e9dyn, le magazine de cr\u00e9ation contemporaine fait par les artistes<\/a><\/p>\n<div id=\"iLikeThis-2\" class=\"iLikeThis\"><span class=\"counter\"><a onclick=\"likeThis(2);\" class=\"image\">0<\/a><\/span><\/div>\n<p><a href=\"http:\/\/www.facebook.com\/share.php?u=https%3A%2F%2Fwww.loucamino.com%2F%3Fpage_id%3D2&amp;t=%C3%80%20propos\" id=\"facebook_share_both_2\" style=\"font-size:11px; line-height:13px; font-family:'lucida grande',tahoma,verdana,arial,sans-serif; text-decoration:none; padding:2px 0 0 20px; height:16px; background:url(http:\/\/b.static.ak.fbcdn.net\/images\/share\/facebook_share_icon.gif) no-repeat top left;\">Share on Facebook<\/a><br \/>\n\t<script type=\"text\/javascript\">\n\t<!--\n\tvar button = document.getElementById('facebook_share_link_2') || document.getElementById('facebook_share_icon_2') || document.getElementById('facebook_share_both_2') || document.getElementById('facebook_share_button_2');\n\tif (button) {\n\t\tbutton.onclick = function(e) {\n\t\t\tvar url = this.href.replace(\/share\\.php\/, 'sharer.php');\n\t\t\twindow.open(url,'sharer','toolbar=0,status=0,width=626,height=436');\n\t\t\treturn false;\n\t\t}\n\t\n\t\tif (button.id === 'facebook_share_button_2') {\n\t\t\tbutton.onmouseover = function(){\n\t\t\t\tthis.style.color='#fff';\n\t\t\t\tthis.style.borderColor = '#295582';\n\t\t\t\tthis.style.backgroundColor = '#3b5998';\n\t\t\t}\n\t\t\tbutton.onmouseout = function(){\n\t\t\t\tthis.style.color = '#3b5998';\n\t\t\t\tthis.style.borderColor = '#d8dfea';\n\t\t\t\tthis.style.backgroundColor = '#fff';\n\t\t\t}\n\t\t}\n\t}\n\t-->\n\t<\/script><\/p>\n","protected":false},"excerpt":{"rendered":"<p>Issue de formations en physique, journalisme scientifique et sociologie du cin\u00e9ma, disciplines qui n&rsquo;ont fait qu&rsquo;aiguiser son insatiable curiosit\u00e9, Lou Camino m\u00e8ne des projets artistiques, individuels et collectifs, s&rsquo;appuyant sur les arts visuels, la photographie en t\u00eate, ainsi que l&rsquo;\u00e9criture, souvent associ\u00e9e \u00e0 l&rsquo;image. Habit\u00e9e par l&rsquo;id\u00e9e que la vie ne se r\u00e9sume pas \u00e0 [&hellip;]<\/p>\n<a href=\"http:\/\/www.facebook.com\/share.php?u=https%3A%2F%2Fwww.loucamino.com%2F%3Fpage_id%3D2&amp;t=%C3%80%20propos\" id=\"facebook_share_both_2\" style=\"font-size:11px; line-height:13px; font-family:'lucida grande',tahoma,verdana,arial,sans-serif; text-decoration:none; padding:2px 0 0 20px; height:16px; background:url(http:\/\/b.static.ak.fbcdn.net\/images\/share\/facebook_share_icon.gif) no-repeat top left;\">Share on Facebook<\/a>\r\n\t<script type=\"text\/javascript\">\r\n\t<!--\r\n\tvar button = document.getElementById('facebook_share_link_2') || document.getElementById('facebook_share_icon_2') || document.getElementById('facebook_share_both_2') || document.getElementById('facebook_share_button_2');\r\n\tif (button) {\r\n\t\tbutton.onclick = function(e) {\r\n\t\t\tvar url = this.href.replace(\/share\\.php\/, 'sharer.php');\r\n\t\t\twindow.open(url,'sharer','toolbar=0,status=0,width=626,height=436');\r\n\t\t\treturn false;\r\n\t\t}\r\n\t\r\n\t\tif (button.id === 'facebook_share_button_2') {\r\n\t\t\tbutton.onmouseover = function(){\r\n\t\t\t\tthis.style.color='#fff';\r\n\t\t\t\tthis.style.borderColor = '#295582';\r\n\t\t\t\tthis.style.backgroundColor = '#3b5998';\r\n\t\t\t}\r\n\t\t\tbutton.onmouseout = function(){\r\n\t\t\t\tthis.style.color = '#3b5998';\r\n\t\t\t\tthis.style.borderColor = '#d8dfea';\r\n\t\t\t\tthis.style.backgroundColor = '#fff';\r\n\t\t\t}\r\n\t\t}\r\n\t}\r\n\t-->\r\n\t<\/script>\r\n\t","protected":false},"author":1,"featured_media":0,"parent":0,"menu_order":0,"comment_status":"closed","ping_status":"closed","template":"","meta":{"ngg_post_thumbnail":0},"_links":{"self":[{"href":"https:\/\/www.loucamino.com\/index.php?rest_route=\/wp\/v2\/pages\/2"}],"collection":[{"href":"https:\/\/www.loucamino.com\/index.php?rest_route=\/wp\/v2\/pages"}],"about":[{"href":"https:\/\/www.loucamino.com\/index.php?rest_route=\/wp\/v2\/types\/page"}],"author":[{"embeddable":true,"href":"https:\/\/www.loucamino.com\/index.php?rest_route=\/wp\/v2\/users\/1"}],"replies":[{"embeddable":true,"href":"https:\/\/www.loucamino.com\/index.php?rest_route=%2Fwp%2Fv2%2Fcomments&post=2"}],"version-history":[{"count":7,"href":"https:\/\/www.loucamino.com\/index.php?rest_route=\/wp\/v2\/pages\/2\/revisions"}],"predecessor-version":[{"id":20590,"href":"https:\/\/www.loucamino.com\/index.php?rest_route=\/wp\/v2\/pages\/2\/revisions\/20590"}],"wp:attachment":[{"href":"https:\/\/www.loucamino.com\/index.php?rest_route=%2Fwp%2Fv2%2Fmedia&parent=2"}],"curies":[{"name":"wp","href":"https:\/\/api.w.org\/{rel}","templated":true}]}}