{"id":1623,"date":"2010-08-15T14:42:58","date_gmt":"2010-08-15T12:42:58","guid":{"rendered":"http:\/\/www.loucamino.com\/?page_id=1623"},"modified":"2010-08-15T15:05:40","modified_gmt":"2010-08-15T13:05:40","slug":"les-mots-sentrechoquent","status":"publish","type":"page","link":"https:\/\/www.loucamino.com\/?page_id=1623","title":{"rendered":"Les mots s&rsquo;entrechoquent&#8230;"},"content":{"rendered":"<ul class=\"wpsocialite social-buttons large\"><\/ul><p style=\"text-align: justify;\">Il y a des longueurs. Ah le temps. Ecrire. Mots qui passent par la t\u00eate. Lecture. Et oui, la feuille de chou. Carr\u00e9 d\u2019As. L\u2019unit\u00e9. A saisir. Le livre. Puis \u00e0 retourner. Comme une escalope. Avec du\u00a0broccio\u00a0\u00e9videmment. Pas comme la chanson. Monsieur et madame Lezautre ont deux fils\u00a0: C\u00f4me et Pac\u00f4me. Comique\u2026 Le spectacle. Les enfants ont du mal \u00e0 prononcer ce mot. Ils disent\u00a0\u00ab\u00a0septacle\u00a0\u00bb, mais on les comprend. Comme certains disent\u00a0\u00ab\u00a0ar\u00e9oport\u00a0\u00bb\u00a0au lieu d\u2019\u00a0\u00ab\u00a0a\u00e9roport\u00a0\u00bb, ce qui pourrait \u00eatre aussi\u00a0\u00ab\u00a0l\u2019arr\u00eat au port\u00a0\u00bb.\u00a0Il faudrait savoir car, quand le premier vous fait voyager en avion, l\u2019autre vous fait prendre le bateau. Et la musique\u00a0! Elle tourne en boucle\u00a0:\u00a0\u00ab\u00a0Ce serait dommage\u2026\u00a0\u00bb\u00a0Et ce panneau\u00a0\u00ab\u00a0Stop\u00a0\u00bb, \u00e0 huit c\u00f4t\u00e9s donc octogonal. Gonade\u2026 souris\u2026 \u00eele aux cochons\u2026 terres australes. Ah, exposition de photographies sur l\u2019\u00eele continent. Portraits tout de noir et de blanc. Typiques. Petits pics \u00e0 cause du vernissage. Il y a foule, plusieurs habitants au m\u00b2. Pas comme l\u00e0-bas \u00e0 certains endroits. A l\u2019endroit, \u00e0 l\u2019envers. En Belgique ou en Hollande. En tout cas, un grand port. Pour bateau et non avion. Ou encore, les 365 jours \u00e9cologiques\u2026 Et oui, l\u2019an vert\u00a0! C\u2019est bof. D\u2019o\u00f9 vient cette expression\u00a0? Bof. Comme glauque. Il para\u00eet que les jeunes en usent et en abusent. Le mot passe-partout. La cl\u00e9 ou le tour du monde en 80 jours\u00a0? Peut-\u00eatre est-ce m\u00eame autre chose\u00a0?\u00a0Stuff. \u00ab\u00a0Truc\u00a0\u00bb en anglais. Et les quotas de chanson fran\u00e7aise\u00a0! Respect\u00e9s\u00a0! Une des grandes vertus \u00e0 d\u00e9fendre\u00a0: le respect.\u00a0\u00ab\u00a0t\u00f4t, l\u2019errance domine\u00a0\u00bb. C\u2019\u00e9tait dans une de mes lettres \u00e0 une couleur d\u2019un jeu de cartes plus \u2013line. Pas tr\u00e8s transparent\u2026 Comme de l\u2019eau de roche. Mais l\u2019eau de roche, ce n\u2019est pas clair. Ah\u2026 c\u2019est pour \u00e7a. Tout \u00e7a pour \u00e7\u00e0\u00a0! Sous une tente cern\u00e9e par la neige avec de joyeux lurons pris en otages par l\u2019improvisation de g\u00e9nie. Rires. Un bon steak. Ah oui, 11h22 et j\u2019ai faim. Digestion rapide. Une moyenne de 260 kilom\u00e8tres par heure. On arrive tr\u00e8s vite \u00e0 l\u2019endroit voulu \u00e0 cette allure. LURE est un laboratoire de physique \u00e0 Orsay. Mais, o\u00f9 est donc Ornicar\u00a0? Au chien de le dire. Il fait ses besoins dans l\u2019herbe. La pauvre. En quoi cela la g\u00eane-t-elle\u00a0? Il cherche, une serviette bleue \u00e0 la main. Ils partent, lui les mains dans les poches, elles, ballant, le long de ses jambes bleues. Frais. Oh, un caf\u00e9\u00a0! 11h32. Int\u00e9ressant. En verlan, \u00e7a donne\u00a0\u00ab\u00a0sans int\u00e9r\u00eat\u00a0\u00bb\u00a0! Quelque peu diff\u00e9rent. 11h35. Regarder le temps passer. Il tond la pelouse. L\u00e0, o\u00f9 le chien a\u2026 N\u2019en parlons plus. Bague. Bogue. An 2000 donc. Tout va p\u00e9ter. Botte. Du P\u00e8re No\u00ebl. Il est photographe. Th\u00e9oriquement. Mais la v\u00e9rit\u00e9, quelle est-elle\u00a0? 11h45. Quelques lignes avant l\u2019autre. La lecture. Sans recommand\u00e9 aujourd\u2019hui. Faim. Pierre et le Loup, avec le canard qui se fait d\u00e9vorer par la b\u00eate \u00e0 grandes dents. Le pr\u00e9nom du canard\u00a0? Non, perdu dans ma m\u00e9moire. Peut-\u00eatre sur la carte d\u2019identit\u00e9\u00a0? Carte \u00e0 puce. Int\u00e9gr\u00e9e dans les corps d\u2019une dizaine de personnes, en cas de rapt\u2026 pour les retrouver\u00a0! Evidemment\u2026 Comme dans la chanson. Sur la plage. Comme ce week-end\u00a0! Atlantique. 11h52. Ronde de minuit moins 12 heures. Tout va bien. Aucune effraction relev\u00e9e. Mensonge. De boissons chaudes ou boissons froides. Qu\u2019importe ! Et la porte claque. Des claquements de talons sur le carrelage r\u00e9sonnent et viennent se m\u00ealer au ronronnement de la tondeuse, au grattage du mur par Ben, \u00e0 la voix aigu\u00eb d\u2019une femme en d\u00e9tresse, sans oublier l\u2019infatigable radio. La porte reclaque. Et une sonnerie stridente\u00a0: l\u2019ascenseur. S\u0153ur\u00a0? Et bien\u00a0? Comme tout le monde, non\u00a0? Leur nom\u00a0? Trop personnel\u2026 12h04. Le d\u00e9luge commence. Fuite. Fuite des autres. Et le poisson vole, comme dans un r\u00eave en Arizona. Pop. Etudes. Et le pape ou le pr\u00e9sident. Du fromage. Frais comme \u00e0 la Gare d\u2019Austerlitz. Et la musique, symphonique. Un pr\u00e9lude\u00a0! Il se chope un lumbago. Et Georges alors\u00a0? Sans d\u00e9fense\u00a0!\u00a0\u00ab\u00a0Tout \u00e9tait dit\u00a0\u00bb\u00a0La\u00a0Ribeiroia\u00a0est un parasite, donnant une cinqui\u00e8me patte aux grenouilles. Monstrueux. 12h13. Sa femme ne travaille donc pas. Ah, les enfants\u00a0! La porte claque dehors. Bruit sourd\u00a0? Comment fait-il pour s\u2019entendre\u00a0? S\u2019il est sourd\u00a0! Sourd-muet, car il est primordial de s\u2019entendre pour parler. Un bon verre de lait. Ut\u00e9rin. Fr\u00e8re ou s\u0153ur. Encore\u00a0? Donc 2. Comme tout le monde, non\u00a0? Et puis l\u2019orage vint. D\u00e9luge \u00e0 quelques encablures d\u2019ici. Le navire \u00e0 roulettes est inond\u00e9\u00a0: ses hublots \u00e9taient ouverts.<\/p>\n<p style=\"text-align: justify;\">Fin, ouf\u2026<\/p>\n<div id=\"iLikeThis-1623\" class=\"iLikeThis\"><span class=\"counter\"><a onclick=\"likeThis(1623);\" class=\"image\">2<\/a><\/span><\/div>\n<p><a href=\"http:\/\/www.facebook.com\/share.php?u=https%3A%2F%2Fwww.loucamino.com%2F%3Fpage_id%3D1623&amp;t=Les%20mots%20s%27entrechoquent...\" id=\"facebook_share_both_1623\" style=\"font-size:11px; line-height:13px; font-family:'lucida grande',tahoma,verdana,arial,sans-serif; text-decoration:none; padding:2px 0 0 20px; height:16px; background:url(http:\/\/b.static.ak.fbcdn.net\/images\/share\/facebook_share_icon.gif) no-repeat top left;\">Share on Facebook<\/a><br \/>\n\t<script type=\"text\/javascript\">\n\t<!--\n\tvar button = document.getElementById('facebook_share_link_1623') || document.getElementById('facebook_share_icon_1623') || document.getElementById('facebook_share_both_1623') || document.getElementById('facebook_share_button_1623');\n\tif (button) {\n\t\tbutton.onclick = function(e) {\n\t\t\tvar url = this.href.replace(\/share\\.php\/, 'sharer.php');\n\t\t\twindow.open(url,'sharer','toolbar=0,status=0,width=626,height=436');\n\t\t\treturn false;\n\t\t}\n\t\n\t\tif (button.id === 'facebook_share_button_1623') {\n\t\t\tbutton.onmouseover = function(){\n\t\t\t\tthis.style.color='#fff';\n\t\t\t\tthis.style.borderColor = '#295582';\n\t\t\t\tthis.style.backgroundColor = '#3b5998';\n\t\t\t}\n\t\t\tbutton.onmouseout = function(){\n\t\t\t\tthis.style.color = '#3b5998';\n\t\t\t\tthis.style.borderColor = '#d8dfea';\n\t\t\t\tthis.style.backgroundColor = '#fff';\n\t\t\t}\n\t\t}\n\t}\n\t-->\n\t<\/script><\/p>\n","protected":false},"excerpt":{"rendered":"<p>Il y a des longueurs. Ah le temps. Ecrire. Mots qui passent par la t\u00eate. Lecture. Et oui, la feuille de chou. Carr\u00e9 d\u2019As. L\u2019unit\u00e9. A saisir. Le livre. Puis \u00e0 retourner. Comme une escalope. Avec du\u00a0broccio\u00a0\u00e9videmment. Pas comme la chanson. Monsieur et madame Lezautre ont deux fils\u00a0: C\u00f4me et Pac\u00f4me. Comique\u2026 Le spectacle. Les [&hellip;]<\/p>\n<a href=\"http:\/\/www.facebook.com\/share.php?u=https%3A%2F%2Fwww.loucamino.com%2F%3Fpage_id%3D1623&amp;t=Les%20mots%20s%27entrechoquent...\" id=\"facebook_share_both_1623\" style=\"font-size:11px; line-height:13px; font-family:'lucida grande',tahoma,verdana,arial,sans-serif; text-decoration:none; padding:2px 0 0 20px; height:16px; background:url(http:\/\/b.static.ak.fbcdn.net\/images\/share\/facebook_share_icon.gif) no-repeat top left;\">Share on Facebook<\/a>\r\n\t<script type=\"text\/javascript\">\r\n\t<!--\r\n\tvar button = document.getElementById('facebook_share_link_1623') || document.getElementById('facebook_share_icon_1623') || document.getElementById('facebook_share_both_1623') || document.getElementById('facebook_share_button_1623');\r\n\tif (button) {\r\n\t\tbutton.onclick = function(e) {\r\n\t\t\tvar url = this.href.replace(\/share\\.php\/, 'sharer.php');\r\n\t\t\twindow.open(url,'sharer','toolbar=0,status=0,width=626,height=436');\r\n\t\t\treturn false;\r\n\t\t}\r\n\t\r\n\t\tif (button.id === 'facebook_share_button_1623') {\r\n\t\t\tbutton.onmouseover = function(){\r\n\t\t\t\tthis.style.color='#fff';\r\n\t\t\t\tthis.style.borderColor = '#295582';\r\n\t\t\t\tthis.style.backgroundColor = '#3b5998';\r\n\t\t\t}\r\n\t\t\tbutton.onmouseout = function(){\r\n\t\t\t\tthis.style.color = '#3b5998';\r\n\t\t\t\tthis.style.borderColor = '#d8dfea';\r\n\t\t\t\tthis.style.backgroundColor = '#fff';\r\n\t\t\t}\r\n\t\t}\r\n\t}\r\n\t-->\r\n\t<\/script>\r\n\t","protected":false},"author":1,"featured_media":0,"parent":32,"menu_order":3,"comment_status":"closed","ping_status":"open","template":"","meta":{"ngg_post_thumbnail":0},"_links":{"self":[{"href":"https:\/\/www.loucamino.com\/index.php?rest_route=\/wp\/v2\/pages\/1623"}],"collection":[{"href":"https:\/\/www.loucamino.com\/index.php?rest_route=\/wp\/v2\/pages"}],"about":[{"href":"https:\/\/www.loucamino.com\/index.php?rest_route=\/wp\/v2\/types\/page"}],"author":[{"embeddable":true,"href":"https:\/\/www.loucamino.com\/index.php?rest_route=\/wp\/v2\/users\/1"}],"replies":[{"embeddable":true,"href":"https:\/\/www.loucamino.com\/index.php?rest_route=%2Fwp%2Fv2%2Fcomments&post=1623"}],"version-history":[{"count":0,"href":"https:\/\/www.loucamino.com\/index.php?rest_route=\/wp\/v2\/pages\/1623\/revisions"}],"up":[{"embeddable":true,"href":"https:\/\/www.loucamino.com\/index.php?rest_route=\/wp\/v2\/pages\/32"}],"wp:attachment":[{"href":"https:\/\/www.loucamino.com\/index.php?rest_route=%2Fwp%2Fv2%2Fmedia&parent=1623"}],"curies":[{"name":"wp","href":"https:\/\/api.w.org\/{rel}","templated":true}]}}