{"id":9481,"date":"2012-04-10T22:34:25","date_gmt":"2012-04-10T21:34:25","guid":{"rendered":"http:\/\/www.loucamino.com\/?page_id=9481"},"modified":"2012-04-18T22:27:23","modified_gmt":"2012-04-18T20:27:23","slug":"numero-1","status":"publish","type":"page","link":"http:\/\/www.loucamino.com\/?page_id=9481","title":{"rendered":"Num\u00e9ro 1"},"content":{"rendered":"<ul class=\"wpsocialite social-buttons large\"><\/ul><p style=\"text-align: justify;\">M\u00e9dyn, le magazine de cr\u00e9ation contemporaine fait par les artistes, a \u00e9t\u00e9 cr\u00e9\u00e9 par Kristophe No\u00ebl et moi-m\u00eame. Il pr\u00e9sente des \u0153uvres de jeunes artistes, peu ou pas connus, d&rsquo;ici ou d&rsquo;ailleurs, et se veut un tremplin pour aller \u00e0 leur rencontre&#8230;<\/p>\n<p>[issuu width=420 height=297 printButtonEnabled=false backgroundColor=%23222222 documentId=120418200653-578accbe401345848d73c8c482a0de5d name=medyn_numero1_201204 username=medynmag tag=2012 unit=px v=2]<\/p>\n<p style=\"text-align: justify;\">Simple mode d&#8217;emploi : cliquez sur la couverture et les 184 pages de M\u00e9dyn s&rsquo;ouvriront&#8230;<\/p>\n<p style=\"text-align: justify;\">Dans ce num\u00e9ro 1, j&rsquo;ai pr\u00e9sent\u00e9 un premier travail issu de mon ann\u00e9e outre-atlantique &#8211; <em>PVT, Photographies d&rsquo;un voyage dans le temps<\/em> &#8211; que je vous invite \u00e0 red\u00e9couvrir sous une autre forme <a title=\"PVT, photographies d'un voyage dans le temps\" href=\"http:\/\/www.loucamino.com\/?page_id=9484\" target=\"_blank\">ici<\/a>&#8230;<\/p>\n<div id=\"iLikeThis-9481\" class=\"iLikeThis\"><span class=\"counter\"><a onclick=\"likeThis(9481);\" class=\"image\">1<\/a><\/span><\/div>\n<p><a href=\"http:\/\/www.facebook.com\/share.php?u=http%3A%2F%2Fwww.loucamino.com%2F%3Fpage_id%3D9481&amp;t=Num%C3%A9ro%201\" id=\"facebook_share_both_9481\" style=\"font-size:11px; line-height:13px; font-family:'lucida grande',tahoma,verdana,arial,sans-serif; text-decoration:none; padding:2px 0 0 20px; height:16px; background:url(http:\/\/b.static.ak.fbcdn.net\/images\/share\/facebook_share_icon.gif) no-repeat top left;\">Share on Facebook<\/a><br \/>\n\t<script type=\"text\/javascript\">\n\t<!--\n\tvar button = document.getElementById('facebook_share_link_9481') || document.getElementById('facebook_share_icon_9481') || document.getElementById('facebook_share_both_9481') || document.getElementById('facebook_share_button_9481');\n\tif (button) {\n\t\tbutton.onclick = function(e) {\n\t\t\tvar url = this.href.replace(\/share\\.php\/, 'sharer.php');\n\t\t\twindow.open(url,'sharer','toolbar=0,status=0,width=626,height=436');\n\t\t\treturn false;\n\t\t}\n\t\n\t\tif (button.id === 'facebook_share_button_9481') {\n\t\t\tbutton.onmouseover = function(){\n\t\t\t\tthis.style.color='#fff';\n\t\t\t\tthis.style.borderColor = '#295582';\n\t\t\t\tthis.style.backgroundColor = '#3b5998';\n\t\t\t}\n\t\t\tbutton.onmouseout = function(){\n\t\t\t\tthis.style.color = '#3b5998';\n\t\t\t\tthis.style.borderColor = '#d8dfea';\n\t\t\t\tthis.style.backgroundColor = '#fff';\n\t\t\t}\n\t\t}\n\t}\n\t-->\n\t<\/script><\/p>\n","protected":false},"excerpt":{"rendered":"<p>M\u00e9dyn, le magazine de cr\u00e9ation contemporaine fait par les artistes, a \u00e9t\u00e9 cr\u00e9\u00e9 par Kristophe No\u00ebl et moi-m\u00eame. Il pr\u00e9sente des \u0153uvres de jeunes artistes, peu ou pas connus, d&rsquo;ici ou d&rsquo;ailleurs, et se veut un tremplin pour aller \u00e0 leur rencontre&#8230; [issuu width=420 height=297 printButtonEnabled=false backgroundColor=%23222222 documentId=120418200653-578accbe401345848d73c8c482a0de5d name=medyn_numero1_201204 username=medynmag tag=2012 unit=px v=2] Simple mode [&hellip;]<\/p>\n<a href=\"http:\/\/www.facebook.com\/share.php?u=http%3A%2F%2Fwww.loucamino.com%2F%3Fpage_id%3D9481&amp;t=Num%C3%A9ro%201\" id=\"facebook_share_both_9481\" style=\"font-size:11px; line-height:13px; font-family:'lucida grande',tahoma,verdana,arial,sans-serif; text-decoration:none; padding:2px 0 0 20px; height:16px; background:url(http:\/\/b.static.ak.fbcdn.net\/images\/share\/facebook_share_icon.gif) no-repeat top left;\">Share on Facebook<\/a>\r\n\t<script type=\"text\/javascript\">\r\n\t<!--\r\n\tvar button = document.getElementById('facebook_share_link_9481') || document.getElementById('facebook_share_icon_9481') || document.getElementById('facebook_share_both_9481') || document.getElementById('facebook_share_button_9481');\r\n\tif (button) {\r\n\t\tbutton.onclick = function(e) {\r\n\t\t\tvar url = this.href.replace(\/share\\.php\/, 'sharer.php');\r\n\t\t\twindow.open(url,'sharer','toolbar=0,status=0,width=626,height=436');\r\n\t\t\treturn false;\r\n\t\t}\r\n\t\r\n\t\tif (button.id === 'facebook_share_button_9481') {\r\n\t\t\tbutton.onmouseover = function(){\r\n\t\t\t\tthis.style.color='#fff';\r\n\t\t\t\tthis.style.borderColor = '#295582';\r\n\t\t\t\tthis.style.backgroundColor = '#3b5998';\r\n\t\t\t}\r\n\t\t\tbutton.onmouseout = function(){\r\n\t\t\t\tthis.style.color = '#3b5998';\r\n\t\t\t\tthis.style.borderColor = '#d8dfea';\r\n\t\t\t\tthis.style.backgroundColor = '#fff';\r\n\t\t\t}\r\n\t\t}\r\n\t}\r\n\t-->\r\n\t<\/script>\r\n\t","protected":false},"author":2,"featured_media":0,"parent":0,"menu_order":0,"comment_status":"open","ping_status":"closed","template":"","meta":{"ngg_post_thumbnail":0},"_links":{"self":[{"href":"http:\/\/www.loucamino.com\/index.php?rest_route=\/wp\/v2\/pages\/9481"}],"collection":[{"href":"http:\/\/www.loucamino.com\/index.php?rest_route=\/wp\/v2\/pages"}],"about":[{"href":"http:\/\/www.loucamino.com\/index.php?rest_route=\/wp\/v2\/types\/page"}],"author":[{"embeddable":true,"href":"http:\/\/www.loucamino.com\/index.php?rest_route=\/wp\/v2\/users\/2"}],"replies":[{"embeddable":true,"href":"http:\/\/www.loucamino.com\/index.php?rest_route=%2Fwp%2Fv2%2Fcomments&post=9481"}],"version-history":[{"count":9,"href":"http:\/\/www.loucamino.com\/index.php?rest_route=\/wp\/v2\/pages\/9481\/revisions"}],"predecessor-version":[{"id":9537,"href":"http:\/\/www.loucamino.com\/index.php?rest_route=\/wp\/v2\/pages\/9481\/revisions\/9537"}],"wp:attachment":[{"href":"http:\/\/www.loucamino.com\/index.php?rest_route=%2Fwp%2Fv2%2Fmedia&parent=9481"}],"curies":[{"name":"wp","href":"https:\/\/api.w.org\/{rel}","templated":true}]}}