{"id":47,"date":"2009-02-28T18:55:23","date_gmt":"2009-02-28T17:55:23","guid":{"rendered":"http:\/\/www.loucamino.com\/?page_id=47"},"modified":"2013-11-05T09:44:39","modified_gmt":"2013-11-05T08:44:39","slug":"liens","status":"publish","type":"page","link":"http:\/\/www.loucamino.com\/?page_id=47","title":{"rendered":"Suggestions de visites&#8230;"},"content":{"rendered":"<ul class=\"wpsocialite social-buttons large\"><\/ul><p>Voil\u00e0 pour commencer&#8230;<\/p>\n<p>Les vitraux, les tapisseries, les peintures de <a title=\"Gilles Audoux\" href=\"http:\/\/www.gillesaudoux.com\" target=\"_blank\">Gilles Audoux<\/a><br \/>\n<br \/>\nLes collages de <a title=\"Site de Caro Ma\" href=\"http:\/\/caro-ma.tumblr.com\/\">CARO-MA<\/a><br \/>\n<br \/>\nLes photographies de <a title=\"Xavier Curtat\" href=\"http:\/\/xaviercurtat.com\/\" target=\"_blank\">Xavier Curtat<\/a><br \/>\n<br \/>\nLes photographies, les dessins de <a title=\"Nicolas Gasco\" href=\"http:\/\/www.nicopec.com\/\" target=\"_blank\">Nicolas Gasco<\/a><br \/>\n<br \/>\nLes photographies de <a title=\"Gr\u00e9goire M\u00e4hler Mode\" href=\"http:\/\/www.fashion.gregoiremahler.fr\/\" target=\"_blank\">mode<\/a> et les <a title=\"Gr\u00e9goire M\u00e4hler Reportages\" href=\"http:\/\/www.reportage.gregoiremahler.fr\/\" target=\"_blank\">reportages<\/a> de Gr\u00e9goire M\u00e4hler<br \/>\n<br \/>\nLes dessins, les cr\u00e9ations graphiques de <a title=\"Kristophe No\u00ebl\" href=\"http:\/\/www.kristophenoel.com\" target=\"_blank\">Kristophe No\u00ebl<\/a><br \/>\n<br \/>\nLes projets photographiques de <a title=\"Gregor Podgorski\" href=\"http:\/\/www.gregor-podgorski.com\" target=\"_blank\">Gregor Podgorski<\/a><br \/>\n<br \/>\nLes pens\u00e9es et humeurs de la r\u00e9alisatrice <a title=\"Blog  de Laurence Serfaty\" href=\"http:\/\/laurenceserfaty.unblog.fr\/\" target=\"_blank\">Laurence Serfaty<\/a><br \/>\n<br \/>\nLes photographies, les graphismes  de <a title=\"Tilby\" href=\"http:\/\/www.tilby.fr\/\" target=\"_blank\">Tilby Vattard<\/a><br \/>\n<\/p>\n<div id=\"iLikeThis-47\" class=\"iLikeThis\"><span class=\"counter\"><a onclick=\"likeThis(47);\" class=\"image\">0<\/a><\/span><\/div>\n<p><a href=\"http:\/\/www.facebook.com\/share.php?u=http%3A%2F%2Fwww.loucamino.com%2F%3Fpage_id%3D47&amp;t=Suggestions%20de%20visites...\" id=\"facebook_share_both_47\" style=\"font-size:11px; line-height:13px; font-family:'lucida grande',tahoma,verdana,arial,sans-serif; text-decoration:none; padding:2px 0 0 20px; height:16px; background:url(http:\/\/b.static.ak.fbcdn.net\/images\/share\/facebook_share_icon.gif) no-repeat top left;\">Share on Facebook<\/a><br \/>\n\t<script type=\"text\/javascript\">\n\t<!--\n\tvar button = document.getElementById('facebook_share_link_47') || document.getElementById('facebook_share_icon_47') || document.getElementById('facebook_share_both_47') || document.getElementById('facebook_share_button_47');\n\tif (button) {\n\t\tbutton.onclick = function(e) {\n\t\t\tvar url = this.href.replace(\/share\\.php\/, 'sharer.php');\n\t\t\twindow.open(url,'sharer','toolbar=0,status=0,width=626,height=436');\n\t\t\treturn false;\n\t\t}\n\t\n\t\tif (button.id === 'facebook_share_button_47') {\n\t\t\tbutton.onmouseover = function(){\n\t\t\t\tthis.style.color='#fff';\n\t\t\t\tthis.style.borderColor = '#295582';\n\t\t\t\tthis.style.backgroundColor = '#3b5998';\n\t\t\t}\n\t\t\tbutton.onmouseout = function(){\n\t\t\t\tthis.style.color = '#3b5998';\n\t\t\t\tthis.style.borderColor = '#d8dfea';\n\t\t\t\tthis.style.backgroundColor = '#fff';\n\t\t\t}\n\t\t}\n\t}\n\t-->\n\t<\/script><\/p>\n","protected":false},"excerpt":{"rendered":"<p>Voil\u00e0 pour commencer&#8230; Les vitraux, les tapisseries, les peintures de Gilles Audoux Les collages de CARO-MA Les photographies de Xavier Curtat Les photographies, les dessins de Nicolas Gasco Les photographies de mode et les reportages de Gr\u00e9goire M\u00e4hler Les dessins, les cr\u00e9ations graphiques de Kristophe No\u00ebl Les projets photographiques de Gregor Podgorski Les pens\u00e9es et [&hellip;]<\/p>\n<a href=\"http:\/\/www.facebook.com\/share.php?u=http%3A%2F%2Fwww.loucamino.com%2F%3Fpage_id%3D47&amp;t=Suggestions%20de%20visites...\" id=\"facebook_share_both_47\" style=\"font-size:11px; line-height:13px; font-family:'lucida grande',tahoma,verdana,arial,sans-serif; text-decoration:none; padding:2px 0 0 20px; height:16px; background:url(http:\/\/b.static.ak.fbcdn.net\/images\/share\/facebook_share_icon.gif) no-repeat top left;\">Share on Facebook<\/a>\r\n\t<script type=\"text\/javascript\">\r\n\t<!--\r\n\tvar button = document.getElementById('facebook_share_link_47') || document.getElementById('facebook_share_icon_47') || document.getElementById('facebook_share_both_47') || document.getElementById('facebook_share_button_47');\r\n\tif (button) {\r\n\t\tbutton.onclick = function(e) {\r\n\t\t\tvar url = this.href.replace(\/share\\.php\/, 'sharer.php');\r\n\t\t\twindow.open(url,'sharer','toolbar=0,status=0,width=626,height=436');\r\n\t\t\treturn false;\r\n\t\t}\r\n\t\r\n\t\tif (button.id === 'facebook_share_button_47') {\r\n\t\t\tbutton.onmouseover = function(){\r\n\t\t\t\tthis.style.color='#fff';\r\n\t\t\t\tthis.style.borderColor = '#295582';\r\n\t\t\t\tthis.style.backgroundColor = '#3b5998';\r\n\t\t\t}\r\n\t\t\tbutton.onmouseout = function(){\r\n\t\t\t\tthis.style.color = '#3b5998';\r\n\t\t\t\tthis.style.borderColor = '#d8dfea';\r\n\t\t\t\tthis.style.backgroundColor = '#fff';\r\n\t\t\t}\r\n\t\t}\r\n\t}\r\n\t-->\r\n\t<\/script>\r\n\t","protected":false},"author":1,"featured_media":0,"parent":0,"menu_order":1,"comment_status":"closed","ping_status":"closed","template":"","meta":{"ngg_post_thumbnail":0},"_links":{"self":[{"href":"http:\/\/www.loucamino.com\/index.php?rest_route=\/wp\/v2\/pages\/47"}],"collection":[{"href":"http:\/\/www.loucamino.com\/index.php?rest_route=\/wp\/v2\/pages"}],"about":[{"href":"http:\/\/www.loucamino.com\/index.php?rest_route=\/wp\/v2\/types\/page"}],"author":[{"embeddable":true,"href":"http:\/\/www.loucamino.com\/index.php?rest_route=\/wp\/v2\/users\/1"}],"replies":[{"embeddable":true,"href":"http:\/\/www.loucamino.com\/index.php?rest_route=%2Fwp%2Fv2%2Fcomments&post=47"}],"version-history":[{"count":3,"href":"http:\/\/www.loucamino.com\/index.php?rest_route=\/wp\/v2\/pages\/47\/revisions"}],"predecessor-version":[{"id":9547,"href":"http:\/\/www.loucamino.com\/index.php?rest_route=\/wp\/v2\/pages\/47\/revisions\/9547"}],"wp:attachment":[{"href":"http:\/\/www.loucamino.com\/index.php?rest_route=%2Fwp%2Fv2%2Fmedia&parent=47"}],"curies":[{"name":"wp","href":"https:\/\/api.w.org\/{rel}","templated":true}]}}