{"id":2718,"date":"2010-11-21T22:51:30","date_gmt":"2010-11-22T03:51:30","guid":{"rendered":"http:\/\/www.loucamino.com\/?page_id=2718"},"modified":"2010-11-21T22:52:55","modified_gmt":"2010-11-22T03:52:55","slug":"la-coupure","status":"publish","type":"page","link":"http:\/\/www.loucamino.com\/?page_id=2718","title":{"rendered":"La coupure"},"content":{"rendered":"<ul class=\"wpsocialite social-buttons large\"><\/ul><p><code><iframe src=\"http:\/\/www.loucamino.com\/wp-content\/plugins\/12-coupure\/index.html\" frameborder=\"0\" height=\"720\" width=\"810\"><\/iframe><\/code><\/p>\n<p style=\"text-align: justify;\">Buren a r\u00e9cidiv\u00e9 au Mus\u00e9e Picasso. Il a remis \u00e7a, apr\u00e8s le Mus\u00e9e Guggenheim de New York, installer un mur de miroirs, ou plut\u00f4t de surfaces r\u00e9fl\u00e9chissantes, au beau milieu du lieu. <a href=\"http:\/\/www.loucamino.com\/?page_id=24\">Cassant la sym\u00e9trie<\/a> des courbes parfaites \u00e0 New York, confortant celles des lignes \u00e0 Paris tout en cr\u00e9ant, dans les deux cas, une image qui n&rsquo;existe pas. Dans les deux cas, des reflets d\u00e9form\u00e9s, des surfaces d\u00e9formantes. Comme \u00e0 la f\u00eate foraine. Les jeunes se prennent en photo en Bibendum. Je porte le regard un peu plus haut, sur ces droites qui s&rsquo;arcboutent ou se brisent. Sur ces visions hallucinatoires d&rsquo;un univers temporairement distordu et d\u00e9tendu.<\/p>\n<div id=\"iLikeThis-2718\" class=\"iLikeThis\"><span class=\"counter\"><a onclick=\"likeThis(2718);\" class=\"image\">1<\/a><\/span><\/div>\n<p><a href=\"http:\/\/www.facebook.com\/share.php?u=http%3A%2F%2Fwww.loucamino.com%2F%3Fpage_id%3D2718&amp;t=La%20coupure\" id=\"facebook_share_both_2718\" style=\"font-size:11px; line-height:13px; font-family:'lucida grande',tahoma,verdana,arial,sans-serif; text-decoration:none; padding:2px 0 0 20px; height:16px; background:url(http:\/\/b.static.ak.fbcdn.net\/images\/share\/facebook_share_icon.gif) no-repeat top left;\">Share on Facebook<\/a><br \/>\n\t<script type=\"text\/javascript\">\n\t<!--\n\tvar button = document.getElementById('facebook_share_link_2718') || document.getElementById('facebook_share_icon_2718') || document.getElementById('facebook_share_both_2718') || document.getElementById('facebook_share_button_2718');\n\tif (button) {\n\t\tbutton.onclick = function(e) {\n\t\t\tvar url = this.href.replace(\/share\\.php\/, 'sharer.php');\n\t\t\twindow.open(url,'sharer','toolbar=0,status=0,width=626,height=436');\n\t\t\treturn false;\n\t\t}\n\t\n\t\tif (button.id === 'facebook_share_button_2718') {\n\t\t\tbutton.onmouseover = function(){\n\t\t\t\tthis.style.color='#fff';\n\t\t\t\tthis.style.borderColor = '#295582';\n\t\t\t\tthis.style.backgroundColor = '#3b5998';\n\t\t\t}\n\t\t\tbutton.onmouseout = function(){\n\t\t\t\tthis.style.color = '#3b5998';\n\t\t\t\tthis.style.borderColor = '#d8dfea';\n\t\t\t\tthis.style.backgroundColor = '#fff';\n\t\t\t}\n\t\t}\n\t}\n\t-->\n\t<\/script><\/p>\n","protected":false},"excerpt":{"rendered":"<p>Buren a r\u00e9cidiv\u00e9 au Mus\u00e9e Picasso. Il a remis \u00e7a, apr\u00e8s le Mus\u00e9e Guggenheim de New York, installer un mur de miroirs, ou plut\u00f4t de surfaces r\u00e9fl\u00e9chissantes, au beau milieu du lieu. Cassant la sym\u00e9trie des courbes parfaites \u00e0 New York, confortant celles des lignes \u00e0 Paris tout en cr\u00e9ant, dans les deux cas, une [&hellip;]<\/p>\n<a href=\"http:\/\/www.facebook.com\/share.php?u=http%3A%2F%2Fwww.loucamino.com%2F%3Fpage_id%3D2718&amp;t=La%20coupure\" id=\"facebook_share_both_2718\" style=\"font-size:11px; line-height:13px; font-family:'lucida grande',tahoma,verdana,arial,sans-serif; text-decoration:none; padding:2px 0 0 20px; height:16px; background:url(http:\/\/b.static.ak.fbcdn.net\/images\/share\/facebook_share_icon.gif) no-repeat top left;\">Share on Facebook<\/a>\r\n\t<script type=\"text\/javascript\">\r\n\t<!--\r\n\tvar button = document.getElementById('facebook_share_link_2718') || document.getElementById('facebook_share_icon_2718') || document.getElementById('facebook_share_both_2718') || document.getElementById('facebook_share_button_2718');\r\n\tif (button) {\r\n\t\tbutton.onclick = function(e) {\r\n\t\t\tvar url = this.href.replace(\/share\\.php\/, 'sharer.php');\r\n\t\t\twindow.open(url,'sharer','toolbar=0,status=0,width=626,height=436');\r\n\t\t\treturn false;\r\n\t\t}\r\n\t\r\n\t\tif (button.id === 'facebook_share_button_2718') {\r\n\t\t\tbutton.onmouseover = function(){\r\n\t\t\t\tthis.style.color='#fff';\r\n\t\t\t\tthis.style.borderColor = '#295582';\r\n\t\t\t\tthis.style.backgroundColor = '#3b5998';\r\n\t\t\t}\r\n\t\t\tbutton.onmouseout = function(){\r\n\t\t\t\tthis.style.color = '#3b5998';\r\n\t\t\t\tthis.style.borderColor = '#d8dfea';\r\n\t\t\t\tthis.style.backgroundColor = '#fff';\r\n\t\t\t}\r\n\t\t}\r\n\t}\r\n\t-->\r\n\t<\/script>\r\n\t","protected":false},"author":1,"featured_media":0,"parent":0,"menu_order":0,"comment_status":"closed","ping_status":"closed","template":"page-nobanner.php","meta":{"ngg_post_thumbnail":0},"_links":{"self":[{"href":"http:\/\/www.loucamino.com\/index.php?rest_route=\/wp\/v2\/pages\/2718"}],"collection":[{"href":"http:\/\/www.loucamino.com\/index.php?rest_route=\/wp\/v2\/pages"}],"about":[{"href":"http:\/\/www.loucamino.com\/index.php?rest_route=\/wp\/v2\/types\/page"}],"author":[{"embeddable":true,"href":"http:\/\/www.loucamino.com\/index.php?rest_route=\/wp\/v2\/users\/1"}],"replies":[{"embeddable":true,"href":"http:\/\/www.loucamino.com\/index.php?rest_route=%2Fwp%2Fv2%2Fcomments&post=2718"}],"version-history":[{"count":0,"href":"http:\/\/www.loucamino.com\/index.php?rest_route=\/wp\/v2\/pages\/2718\/revisions"}],"wp:attachment":[{"href":"http:\/\/www.loucamino.com\/index.php?rest_route=%2Fwp%2Fv2%2Fmedia&parent=2718"}],"curies":[{"name":"wp","href":"https:\/\/api.w.org\/{rel}","templated":true}]}}