{"id":2698,"date":"2010-11-21T22:00:25","date_gmt":"2010-11-22T03:00:25","guid":{"rendered":"http:\/\/www.loucamino.com\/?page_id=2698"},"modified":"2010-11-21T22:39:42","modified_gmt":"2010-11-22T03:39:42","slug":"oh-vitraux","status":"publish","type":"page","link":"http:\/\/www.loucamino.com\/?page_id=2698","title":{"rendered":"Oh vitraux !"},"content":{"rendered":"<ul class=\"wpsocialite social-buttons large\"><\/ul><p><code><iframe src=\"http:\/\/www.loucamino.com\/wp-content\/plugins\/3-atelier\/index.html\" frameborder=\"0\" height=\"720\" width=\"810\"><\/iframe><\/code><\/p>\n<p style=\"text-align: justify;\">Les couleurs me fascinent. Leur association a fortiori. Le verre, la lumi\u00e8re, la transparence. Aussi. Les lignes, bien s\u00fbr. Le vitrail, une \u00e9vidence. Le 28 novembre dernier, il faisait froid. Plut\u00f4t tr\u00e8s froid dans l&rsquo;atelier de <a href=\"http:\/\/www.gillesaudoux.com\/\" target=\"_blank\">Gilles Audoux<\/a>. Un artiste polymorphe pas rencontr\u00e9 par hasard. Dans un atelier sous verre o\u00f9 naissent ses vitraux. En ce moment, ceux du futur baptist\u00e8re de l&rsquo;Eglise St Pierre &#8211; St Paul de Clamart. L\u00e0, pendant deux heures, avec mon appareil. Au milieu de l&rsquo;art en train de se faire. De la grisaille, de la barloti\u00e8re, des calibres, de la vergette, de l&rsquo;\u00e2me du plomb&#8230; Si l\u00e9g\u00e8re&#8230; Un moment d&rsquo;errance iris\u00e9&#8230;<\/p>\n<div id=\"iLikeThis-2698\" class=\"iLikeThis\"><span class=\"counter\"><a onclick=\"likeThis(2698);\" class=\"image\">1<\/a><\/span><\/div>\n<p><a href=\"http:\/\/www.facebook.com\/share.php?u=http%3A%2F%2Fwww.loucamino.com%2F%3Fpage_id%3D2698&amp;t=Oh%20vitraux%20%21\" id=\"facebook_share_both_2698\" style=\"font-size:11px; line-height:13px; font-family:'lucida grande',tahoma,verdana,arial,sans-serif; text-decoration:none; padding:2px 0 0 20px; height:16px; background:url(http:\/\/b.static.ak.fbcdn.net\/images\/share\/facebook_share_icon.gif) no-repeat top left;\">Share on Facebook<\/a><br \/>\n\t<script type=\"text\/javascript\">\n\t<!--\n\tvar button = document.getElementById('facebook_share_link_2698') || document.getElementById('facebook_share_icon_2698') || document.getElementById('facebook_share_both_2698') || document.getElementById('facebook_share_button_2698');\n\tif (button) {\n\t\tbutton.onclick = function(e) {\n\t\t\tvar url = this.href.replace(\/share\\.php\/, 'sharer.php');\n\t\t\twindow.open(url,'sharer','toolbar=0,status=0,width=626,height=436');\n\t\t\treturn false;\n\t\t}\n\t\n\t\tif (button.id === 'facebook_share_button_2698') {\n\t\t\tbutton.onmouseover = function(){\n\t\t\t\tthis.style.color='#fff';\n\t\t\t\tthis.style.borderColor = '#295582';\n\t\t\t\tthis.style.backgroundColor = '#3b5998';\n\t\t\t}\n\t\t\tbutton.onmouseout = function(){\n\t\t\t\tthis.style.color = '#3b5998';\n\t\t\t\tthis.style.borderColor = '#d8dfea';\n\t\t\t\tthis.style.backgroundColor = '#fff';\n\t\t\t}\n\t\t}\n\t}\n\t-->\n\t<\/script><\/p>\n","protected":false},"excerpt":{"rendered":"<p>Les couleurs me fascinent. Leur association a fortiori. Le verre, la lumi\u00e8re, la transparence. Aussi. Les lignes, bien s\u00fbr. Le vitrail, une \u00e9vidence. Le 28 novembre dernier, il faisait froid. Plut\u00f4t tr\u00e8s froid dans l&rsquo;atelier de Gilles Audoux. Un artiste polymorphe pas rencontr\u00e9 par hasard. Dans un atelier sous verre o\u00f9 naissent ses vitraux. En [&hellip;]<\/p>\n<a href=\"http:\/\/www.facebook.com\/share.php?u=http%3A%2F%2Fwww.loucamino.com%2F%3Fpage_id%3D2698&amp;t=Oh%20vitraux%20%21\" id=\"facebook_share_both_2698\" style=\"font-size:11px; line-height:13px; font-family:'lucida grande',tahoma,verdana,arial,sans-serif; text-decoration:none; padding:2px 0 0 20px; height:16px; background:url(http:\/\/b.static.ak.fbcdn.net\/images\/share\/facebook_share_icon.gif) no-repeat top left;\">Share on Facebook<\/a>\r\n\t<script type=\"text\/javascript\">\r\n\t<!--\r\n\tvar button = document.getElementById('facebook_share_link_2698') || document.getElementById('facebook_share_icon_2698') || document.getElementById('facebook_share_both_2698') || document.getElementById('facebook_share_button_2698');\r\n\tif (button) {\r\n\t\tbutton.onclick = function(e) {\r\n\t\t\tvar url = this.href.replace(\/share\\.php\/, 'sharer.php');\r\n\t\t\twindow.open(url,'sharer','toolbar=0,status=0,width=626,height=436');\r\n\t\t\treturn false;\r\n\t\t}\r\n\t\r\n\t\tif (button.id === 'facebook_share_button_2698') {\r\n\t\t\tbutton.onmouseover = function(){\r\n\t\t\t\tthis.style.color='#fff';\r\n\t\t\t\tthis.style.borderColor = '#295582';\r\n\t\t\t\tthis.style.backgroundColor = '#3b5998';\r\n\t\t\t}\r\n\t\t\tbutton.onmouseout = function(){\r\n\t\t\t\tthis.style.color = '#3b5998';\r\n\t\t\t\tthis.style.borderColor = '#d8dfea';\r\n\t\t\t\tthis.style.backgroundColor = '#fff';\r\n\t\t\t}\r\n\t\t}\r\n\t}\r\n\t-->\r\n\t<\/script>\r\n\t","protected":false},"author":1,"featured_media":0,"parent":0,"menu_order":0,"comment_status":"closed","ping_status":"closed","template":"page-nobanner.php","meta":{"ngg_post_thumbnail":0},"_links":{"self":[{"href":"http:\/\/www.loucamino.com\/index.php?rest_route=\/wp\/v2\/pages\/2698"}],"collection":[{"href":"http:\/\/www.loucamino.com\/index.php?rest_route=\/wp\/v2\/pages"}],"about":[{"href":"http:\/\/www.loucamino.com\/index.php?rest_route=\/wp\/v2\/types\/page"}],"author":[{"embeddable":true,"href":"http:\/\/www.loucamino.com\/index.php?rest_route=\/wp\/v2\/users\/1"}],"replies":[{"embeddable":true,"href":"http:\/\/www.loucamino.com\/index.php?rest_route=%2Fwp%2Fv2%2Fcomments&post=2698"}],"version-history":[{"count":0,"href":"http:\/\/www.loucamino.com\/index.php?rest_route=\/wp\/v2\/pages\/2698\/revisions"}],"wp:attachment":[{"href":"http:\/\/www.loucamino.com\/index.php?rest_route=%2Fwp%2Fv2%2Fmedia&parent=2698"}],"curies":[{"name":"wp","href":"https:\/\/api.w.org\/{rel}","templated":true}]}}