{"id":24,"date":"2009-02-28T18:42:25","date_gmt":"2009-02-28T17:42:25","guid":{"rendered":"http:\/\/www.loucamino.com\/?page_id=24"},"modified":"2010-08-06T12:55:23","modified_gmt":"2010-08-06T10:55:23","slug":"divers","status":"publish","type":"page","link":"http:\/\/www.loucamino.com\/?page_id=24","title":{"rendered":"Diversion"},"content":{"rendered":"<ul class=\"wpsocialite social-buttons large\"><\/ul><h2 style=\"text-align: justify;\">La Coupure du samedi 21 mars<\/h2>\n<p style=\"text-align: justify;\">Etrange et inhabituel \u00e9lan de solidarit\u00e9. Dans le 54. Le bus. J&rsquo;ai d\u00e9cid\u00e9 de le prendre pour me rendre \u00e0 la Gare du Nord. Arriv\u00e9s \u00e0 la station Victor Hugo \u2013 Jean Jaur\u00e8s, le bus s&rsquo;immobilise plus que de nature. Mal gar\u00e9, un Trafic. Si mal gar\u00e9 qu&rsquo;il semble toucher l&rsquo;arri\u00e8re du bus. A moins que ce ne soit l&rsquo;inverse. C&rsquo;est en tout cas ce que son propri\u00e9taire aimerait faire croire. Le chauffeur du bus descend. Des mots s&rsquo;\u00e9changent. Depuis le bus, bond\u00e9, nous n&rsquo;entendons pas le d\u00e9tail de la conversation. Le chauffeur remonte et annonce \u00e0 tout le monde que le Trafic-eur veut dresser un constat. Une rumeur sourde passe de l&rsquo;avant \u00e0 l&rsquo;arri\u00e8re du bus. Un constat, autant dire qu&rsquo;il n&rsquo;y a plus qu&rsquo;\u00e0 attendre le prochain bus ! Sauf que, si certains quittent effectivement le bus, passablement \u00e9nerv\u00e9s, la majorit\u00e9 est plut\u00f4t remont\u00e9e contre le Trafic-eur qui a donc gar\u00e9 son camion sur l&rsquo;arr\u00eat de bus. Rapidement, une quinzaine de personnes fondent vers lui, se mettent \u00e0 l&rsquo;invectiver, lui rappelant qu&rsquo;il n&rsquo;a pas le droit de se poster l\u00e0 et conseillant m\u00eame au chauffeur de bus d&rsquo;appeler la police. Ce qui devrait lui faire vite changer d&rsquo;avis, au Trafic-eur ! Face \u00e0 cette fronde inattendue, monsieur trouve enfin plus opportun de faire marche arri\u00e8re. Dans tous les sens du terme. Ils se mettent \u00e0 plusieurs pour lui expliquer comment braquer. Son Trafic se d\u00e9gage. Il n&rsquo;a absolument rien. Le chauffeur du bus remonte, soulag\u00e9. Il ne l&rsquo;avait pas touch\u00e9. L&rsquo;\u00e9pisode a \u00e9chauff\u00e9 les esprits. \u00ab\u00a0C&rsquo;est le monde \u00e0 l&rsquo;envers\u00a0\u00bb l\u00e2che une dame&#8230; Que le type en tort soit celui qui attaque la d\u00e9passe totalement ! Une vive conversation se poursuit entre passagers jusqu&rsquo;\u00e0 la station suivante, o\u00f9 d&rsquo;autres personnes montent et s&rsquo;intercalent entre elles, venant ainsi cl\u00f4turer cet incongru et revigorant instant de partage. Je ne me fais pas d&rsquo;illusion pour autant : cet \u00e9lan de solidarit\u00e9 autour du chauffeur n&rsquo;est pas un acte pur de philanthropie ou de justice. Personne n&rsquo;avait envie d&rsquo;attendre le bus suivant ! Parfois, la somme des int\u00e9r\u00eats individuels \u00e9gale l&rsquo;int\u00e9r\u00eat g\u00e9n\u00e9ral.<\/p>\n<p style=\"text-align: justify;\">Quelques heures plus tard. Je suis sur une terrasse de la rue de Turenne, \u00e0 l&rsquo;angle de la rue des Francs Bourgeois noire de monde. Au Royal Turenne, situ\u00e9 en face de L&rsquo;Escurial, on doit jubiler depuis que la ville a \u00e9largi le trottoir. D&rsquo;un seul c\u00f4t\u00e9. Quand le voisin d&rsquo;en face doit se satisfaire d&rsquo;une rang\u00e9e de tables ancr\u00e9e dans le bitume, l&rsquo;autre se la joue royale avec trois rang\u00e9es&#8230; Par beau temps, c&rsquo;est presque de la concurrence d\u00e9loyale ! Tout est plein ! C&rsquo;est comme les places de parking ou les tables des restaurants japonais de la rue Sainte Anne, un vide ne le reste jamais plus d&rsquo;une minute. Le flux est constant. Tout se remplace. J&rsquo;appr\u00e9cie \u00e0 sa juste valeur et donc bois lentement mon grand cr\u00e8me \u00e0 4,50 euros&#8230; Tout ce monde dehors arpentant les rues le sourire aux l\u00e8vres, voil\u00e0 pourquoi la Fnac et Leroy Merlin, insupportables les samedis ordinaires, \u00e9taient \u00e9trangement calmes voire agr\u00e9ables.<\/p>\n<p style=\"text-align: justify;\">Cela fait six ou sept samedis que je n&rsquo;ai pas err\u00e9 ainsi dans Paris. Un bail ! Je l\u00e8ve le camp vers 10h pour la capitale. Il y a l&rsquo;histoire du bus. Je fais aussi la queue pendant plus d&rsquo;une heure dans les files d&rsquo;attente de la BPI du Centre Pompidou o\u00f9 l&rsquo;on fait entrer les vrais et faux lecteurs au compte-goutte. Je ne trouve pas l&rsquo;article recherch\u00e9, l&rsquo;exemplaire de la revue errant quelque part en salle&#8230; Esprits, pourquoi n&rsquo;es-tu pas l\u00e0 ? En passant \u00e0 la famili\u00e8re et familiale boutique du design du mus\u00e9e o\u00f9 mon porte-monnaie n&rsquo;a jamais baill\u00e9, je constate que <a title=\"Lomography\" href=\"http:\/\/www.lomography.com\/\" target=\"_blank\">Holga<\/a> atteint d\u00e9sormais des sommets. L&rsquo;antre du Printemps n&rsquo;est pas connu pour ses prix raisonnables mais 80 euros ! Dire qu&rsquo;il y a quelques ann\u00e9es, 40 euros suffisaient pour se doter de cette boite plastique \u00e0 images approximatives. Et que quelques ann\u00e9es auparavant, on pouvait s&rsquo;\u00e9quiper pour 100 francs. Les modes, c&rsquo;est terrible !<\/p>\n<p style=\"text-align: justify;\">Ma tasse est vide. J&rsquo;ai d&rsquo;autres choses \u00e0 faire. Des promeneurs cherchent une table des yeux. Je vais faire des heureux. C&rsquo;est facile finalement. Je me l\u00e8ve. Un, deux, trois, quatre, c&rsquo;est pris. Mes jambes savent exactement o\u00f9 je veux aller maintenant et m&rsquo;y conduisent en deux minutes. Place des Vosges. J&rsquo;ai rendez-vous avec \u00ab\u00a0La Rumeur\u00a0\u00bb. Je ne peux pas traverser ce quartier sans aller la voir. \u00ab\u00a0La Rumeur\u00a0\u00bb est une sculpture en bronze dont je suis tomb\u00e9e instantan\u00e9ment amoureuse il y a bien 8, 10 ans. Deux personnages assez symbolis\u00e9s, l&rsquo;un pench\u00e9 vers l&rsquo;autre, vraisemblablement en train de lui transmettre cette fameuse rumeur. Une fois, il y a quelques ann\u00e9es, j&rsquo;ai os\u00e9 mettre le pied dans la galerie, j&rsquo;ai os\u00e9 m&rsquo;approcher de la sculpture que d&rsquo;habitude, j&rsquo;admirais de l&rsquo;ext\u00e9rieur. J&rsquo;ai m\u00eame os\u00e9 demander le prix. Hors de question. Parfois, \u00ab\u00a0La Rumeur\u00a0\u00bb disparaissait. Mon c\u0153ur s&rsquo;arr\u00eatait. Je redoutais l&rsquo;avoir perdue pour toujours. Et puis, peu de temps apr\u00e8s, elle \u00e9tait de retour, plus belle encore. Depuis toutes ces ann\u00e9es, je ne l&rsquo;ai jamais perdue de vue. Mais l\u00e0, cela faisait un temps certain que je ne m&rsquo;\u00e9tais pas engag\u00e9e dans cette zone&#8230; Et si, par d\u00e9finition, \u00ab\u00a0<a title=\"Loni Kreuder\" href=\"http:\/\/www.kreuder.de\/f000f.htm\" target=\"_blank\">La Rumeur<\/a> \u00bb se reproduit, il y a forc\u00e9ment un moment o\u00f9 elle finit par s&rsquo;\u00e9teindre. Exemplaires de \u00ab\u00a0La Rumeur\u00a0\u00bb \u00e9puis\u00e9s. C&rsquo;est donc avec une petite appr\u00e9hension que je m&rsquo;approche de la galerie&#8230; Elle est toujours l\u00e0. Dans la vitrine du fond, en bas \u00e0 gauche. J&rsquo;entre dans la galerie, pour la deuxi\u00e8me fois de ma vie.\u00a0 J&rsquo;attends qu&rsquo;un am\u00e9ricain arr\u00eate de fantasmer sur une table basse d\u00e9cor\u00e9e avec des pinceaux plats et d\u00e9goulinants de couleurs et je me lance. Je d\u00e9clare ma flamme \u00e0 \u00ab\u00a0La Rumeur\u00a0\u00bb. La propri\u00e9taire du lieu estime alors opportun voire judicieux de me pr\u00e9ciser qu&rsquo;il s&rsquo;agit l\u00e0 du dernier exemplaire, de l&rsquo;\u00e9preuve d&rsquo;artiste&#8230; Et dans la foul\u00e9e, de me faire une r\u00e9duction de 25% sur le prix annonc\u00e9 avec, en sus, des facilit\u00e9s de paiement. Les temps sont durs chez les galeristes qui n&rsquo;ont peut-\u00eatre jamais aussi bien port\u00e9 leur nom&#8230; Je file, \u00e0 la fois dubitative et persuad\u00e9e que \u00ab\u00a0La Rumeur\u00a0\u00bb, la derni\u00e8re, m&rsquo;attendait. Est-ce un signe ?<\/p>\n<p style=\"text-align: justify;\">Tout comme cette r\u00e9cidive de Buren au <a title=\"Mus\u00e9e Picasso\" href=\"http:\/\/www.musee-picasso.fr\" target=\"_blank\">Mus\u00e9e Picasso<\/a>. Il a remis \u00e7a, apr\u00e8s le <a title=\"Mus\u00e9e Guggenheim de New York\" href=\"http:\/\/www.guggenheim.org\/\" target=\"_blank\">Mus\u00e9e Guggenheim<\/a> de New York, installer un mur de miroirs, ou plut\u00f4t de surfaces r\u00e9fl\u00e9chissantes, au beau milieu du lieu. <a href=\"http:\/\/www.loucamino.com\/wp-content\/plugins\/12-coupure\/index.html\" target=\"_self\">Cassant la sym\u00e9trie<\/a> des courbes parfaites \u00e0 New York, confortant celles des lignes \u00e0 Paris tout en cr\u00e9ant, dans les deux cas, une image qui n&rsquo;existe pas. Dans les deux cas, j&rsquo;y \u00e9tais. Dans les deux cas, des reflets d\u00e9form\u00e9s, des surfaces d\u00e9formantes. Comme \u00e0 la f\u00eate foraine. Les jeunes se prennent en photo en Bibendum. Je porte le regard un peu plus haut, sur ces droites qui s&rsquo;arcboutent ou se brisent. Sur ces visions hallucinatoires d&rsquo;un univers temporairement distordu et d\u00e9tendu. Il fait bleu, les mouettes parisiennes survolent le Marais, je suis heureuse. Pour parfaire le tableau, je suis la route du soleil et m&rsquo;offre une bo\u00eete de boudoirs. Envie enfantine. Et, comme une enfant, je ne sais pas m&rsquo;arr\u00eater. J&rsquo;en mange trop. Je me sens un peu lourde en p\u00e9n\u00e9trant dans la salle obscure du Gaumont Capucines.<\/p>\n<p style=\"text-align: justify;\">\u00ab\u00a0The international\u00a0\u00bb, traduit \u00ab\u00a0L&rsquo;enqu\u00eate\u00a0\u00bb. Internationale en effet puisqu&rsquo;elle conduit le spectateur en Allemagne, en France, en Turquie, au Luxembourg et aux Etats-Unis. Plus pr\u00e9cis\u00e9ment \u00e0 New York. Plus pr\u00e9cis\u00e9ment encore, au Mus\u00e9e Guggenheim. Le m\u00eame. Ce mus\u00e9e, dont la sym\u00e9trie avait \u00e9t\u00e9 bris\u00e9e par Buren \u00e0 coups de murs \u00e0 facettes, a \u00e9t\u00e9, pour les besoins de cette d\u00e9nonciation fictive des liens peu recommandables entre les banques et tous les trafics en tous genres, totalement d\u00e9chiquet\u00e9 par les rafales des mitraillettes, pistolets, revolvers&#8230; J&rsquo;ai rarement vu \u00e0 l&rsquo;\u00e9cran, jamais \u00e0 vrai dire, une sc\u00e8ne aussi destructrice se d\u00e9rouler dans un lieu aussi sacr\u00e9 qu&rsquo;un mus\u00e9e. Un mus\u00e9e, qui, par ailleurs, est une oeuvre architecturale \u00e0 part enti\u00e8re. Le fait que l&rsquo;exposition en cours au moment du d\u00e9ballage des cartouches soit une enfilade d&rsquo;\u00e9crans pr\u00e9sentant autant de vid\u00e9os renforce l&rsquo;impression de mise en abyme du film lui-m\u00eame, mais aussi celle d&rsquo;avoir \u00e0 faire \u00e0 une sorte d&rsquo;installation ultime grandeur nature. Une oeuvre d&rsquo;art, moderne, qui s&rsquo;auto-d\u00e9truit et ne laisse que des d\u00e9bris derri\u00e8re elle. Des bris de verre, des bouts de b\u00e9ton, des trou\u00e9es dans les murs, et du sang. Beaucoup de sang bizarrement. Du sang giclant d&rsquo;une carotide si abondamment que cela en devient presque grotesque, du sang coulant d&rsquo;un lobe transperc\u00e9, du sang retra\u00e7ant sur les murs immacul\u00e9s du mus\u00e9e le parcours des agonisants, du sang se diffusant sur les chemises blanches des m\u00e9chants et des gentils. Quelle d\u00e9bauche d&rsquo;h\u00e9moglobine pour cette tour de Babel retourn\u00e9e \u00e9rig\u00e9e difficilement par <a title=\"Frank Lloyd Wright\" href=\"http:\/\/fr.wikipedia.org\/wiki\/Frank_Lloyd_Wright\" target=\"_blank\">Frank Lloyd Wright<\/a>, et qui avait fait d\u00e9j\u00e0 couler beaucoup d&rsquo;encre dans les ann\u00e9es 1940 du fait de son architecture originale, qualifi\u00e9e par ses d\u00e9tracteurs de brioche, tir bouchon ou machine \u00e0 laver ! Il aura travaill\u00e9 seize ann\u00e9es sur ce mus\u00e9e qu&rsquo;il n&rsquo;a jamais vu achev\u00e9. La rumeur court que le Guggenheim de \u00ab\u00a0The International\u00a0\u00bb est une r\u00e9plique et que seize semaines ont suffi pour la construire dans les Studios Babelsberg de Berlin. Et la boucle est boucl\u00e9e.<\/p>\n<div id=\"iLikeThis-24\" class=\"iLikeThis\"><span class=\"counter\"><a onclick=\"likeThis(24);\" class=\"image\">2<\/a><\/span><\/div>\n<p><a href=\"http:\/\/www.facebook.com\/share.php?u=http%3A%2F%2Fwww.loucamino.com%2F%3Fpage_id%3D24&amp;t=Diversion\" id=\"facebook_share_both_24\" style=\"font-size:11px; line-height:13px; font-family:'lucida grande',tahoma,verdana,arial,sans-serif; text-decoration:none; padding:2px 0 0 20px; height:16px; background:url(http:\/\/b.static.ak.fbcdn.net\/images\/share\/facebook_share_icon.gif) no-repeat top left;\">Share on Facebook<\/a><br \/>\n\t<script type=\"text\/javascript\">\n\t<!--\n\tvar button = document.getElementById('facebook_share_link_24') || document.getElementById('facebook_share_icon_24') || document.getElementById('facebook_share_both_24') || document.getElementById('facebook_share_button_24');\n\tif (button) {\n\t\tbutton.onclick = function(e) {\n\t\t\tvar url = this.href.replace(\/share\\.php\/, 'sharer.php');\n\t\t\twindow.open(url,'sharer','toolbar=0,status=0,width=626,height=436');\n\t\t\treturn false;\n\t\t}\n\t\n\t\tif (button.id === 'facebook_share_button_24') {\n\t\t\tbutton.onmouseover = function(){\n\t\t\t\tthis.style.color='#fff';\n\t\t\t\tthis.style.borderColor = '#295582';\n\t\t\t\tthis.style.backgroundColor = '#3b5998';\n\t\t\t}\n\t\t\tbutton.onmouseout = function(){\n\t\t\t\tthis.style.color = '#3b5998';\n\t\t\t\tthis.style.borderColor = '#d8dfea';\n\t\t\t\tthis.style.backgroundColor = '#fff';\n\t\t\t}\n\t\t}\n\t}\n\t-->\n\t<\/script><\/p>\n","protected":false},"excerpt":{"rendered":"<p>La Coupure du samedi 21 mars Etrange et inhabituel \u00e9lan de solidarit\u00e9. Dans le 54. Le bus. J&rsquo;ai d\u00e9cid\u00e9 de le prendre pour me rendre \u00e0 la Gare du Nord. Arriv\u00e9s \u00e0 la station Victor Hugo \u2013 Jean Jaur\u00e8s, le bus s&rsquo;immobilise plus que de nature. Mal gar\u00e9, un Trafic. Si mal gar\u00e9 qu&rsquo;il semble [&hellip;]<\/p>\n<a href=\"http:\/\/www.facebook.com\/share.php?u=http%3A%2F%2Fwww.loucamino.com%2F%3Fpage_id%3D24&amp;t=Diversion\" id=\"facebook_share_both_24\" style=\"font-size:11px; line-height:13px; font-family:'lucida grande',tahoma,verdana,arial,sans-serif; text-decoration:none; padding:2px 0 0 20px; height:16px; background:url(http:\/\/b.static.ak.fbcdn.net\/images\/share\/facebook_share_icon.gif) no-repeat top left;\">Share on Facebook<\/a>\r\n\t<script type=\"text\/javascript\">\r\n\t<!--\r\n\tvar button = document.getElementById('facebook_share_link_24') || document.getElementById('facebook_share_icon_24') || document.getElementById('facebook_share_both_24') || document.getElementById('facebook_share_button_24');\r\n\tif (button) {\r\n\t\tbutton.onclick = function(e) {\r\n\t\t\tvar url = this.href.replace(\/share\\.php\/, 'sharer.php');\r\n\t\t\twindow.open(url,'sharer','toolbar=0,status=0,width=626,height=436');\r\n\t\t\treturn false;\r\n\t\t}\r\n\t\r\n\t\tif (button.id === 'facebook_share_button_24') {\r\n\t\t\tbutton.onmouseover = function(){\r\n\t\t\t\tthis.style.color='#fff';\r\n\t\t\t\tthis.style.borderColor = '#295582';\r\n\t\t\t\tthis.style.backgroundColor = '#3b5998';\r\n\t\t\t}\r\n\t\t\tbutton.onmouseout = function(){\r\n\t\t\t\tthis.style.color = '#3b5998';\r\n\t\t\t\tthis.style.borderColor = '#d8dfea';\r\n\t\t\t\tthis.style.backgroundColor = '#fff';\r\n\t\t\t}\r\n\t\t}\r\n\t}\r\n\t-->\r\n\t<\/script>\r\n\t","protected":false},"author":1,"featured_media":0,"parent":32,"menu_order":4,"comment_status":"closed","ping_status":"closed","template":"","meta":{"ngg_post_thumbnail":0},"_links":{"self":[{"href":"http:\/\/www.loucamino.com\/index.php?rest_route=\/wp\/v2\/pages\/24"}],"collection":[{"href":"http:\/\/www.loucamino.com\/index.php?rest_route=\/wp\/v2\/pages"}],"about":[{"href":"http:\/\/www.loucamino.com\/index.php?rest_route=\/wp\/v2\/types\/page"}],"author":[{"embeddable":true,"href":"http:\/\/www.loucamino.com\/index.php?rest_route=\/wp\/v2\/users\/1"}],"replies":[{"embeddable":true,"href":"http:\/\/www.loucamino.com\/index.php?rest_route=%2Fwp%2Fv2%2Fcomments&post=24"}],"version-history":[{"count":0,"href":"http:\/\/www.loucamino.com\/index.php?rest_route=\/wp\/v2\/pages\/24\/revisions"}],"up":[{"embeddable":true,"href":"http:\/\/www.loucamino.com\/index.php?rest_route=\/wp\/v2\/pages\/32"}],"wp:attachment":[{"href":"http:\/\/www.loucamino.com\/index.php?rest_route=%2Fwp%2Fv2%2Fmedia&parent=24"}],"curies":[{"name":"wp","href":"https:\/\/api.w.org\/{rel}","templated":true}]}}