{"id":146,"date":"2009-03-13T00:07:23","date_gmt":"2009-03-12T23:07:23","guid":{"rendered":"http:\/\/www.loucamino.com\/?page_id=146"},"modified":"2010-11-21T22:41:58","modified_gmt":"2010-11-22T03:41:58","slug":"viva-cites","status":"publish","type":"page","link":"http:\/\/www.loucamino.com\/?page_id=146","title":{"rendered":"Viva cit\u00e9s"},"content":{"rendered":"<ul class=\"wpsocialite social-buttons large\"><\/ul><p><code><iframe src=\"http:\/\/www.loucamino.com\/wp-content\/plugins\/1-vivacites\/index.html\" frameborder=\"0\" height=\"720\" width=\"810\"><\/iframe><\/code><\/p>\n<p style=\"text-align: justify;\">Gen\u00e8se&#8230; Des repas de famille \u00e9mergent parfois d&rsquo;\u00e9tranges impulsions&#8230; Il y a quelques mois, autour de la table donc, les miens. Au complet. Au dessert, quand bien m\u00eame on nous apprend petit qu&rsquo;il ne faut pas sortir de table avant d&rsquo;avoir fini, je me l\u00e8ve. Chercher une enveloppe en papier kraft \u00e9paissie par de r\u00e9cents tirages. Des photos revisit\u00e9es en deux couleurs, assez vives, assez graphiques, r\u00e9v\u00e9lant d&rsquo;une certaine mani\u00e8re les coulisses d&rsquo;un lieu. Elles sont \u00e0 la base d&rsquo;un projet de d\u00e9coration int\u00e9rieure. A posteriori, la version 1.0 de Viva Cit\u00e9s&#8230;<\/p>\n<p style=\"text-align: justify;\">Chaque image extraite de ladite enveloppe suscite des vivas altern\u00e9s, des commentaires enjou\u00e9s. C&rsquo;est normal, c&rsquo;est la famille, je me dis. L&rsquo;enthousiasme est pourtant sinc\u00e8re, r\u00e9el. Exposition. Le mot est lanc\u00e9. Si, si, il faut que je fasse une exposition ! Evidemment, une exposition. Cela fait des ann\u00e9es que je r\u00eave d&rsquo;en refaire une. Mais  j&rsquo;ai plut\u00f4t pour (mauvaise) habitude de cumuler voire d&rsquo;accumuler, de papillonner comme dirait le Copec ou de procrastiner comme le claironnerait la ki\u00e9voise&#8230; Si, si, il faut que tu fasses une exposition ! Chaque jour qui suit, une voix diff\u00e9rente me demande o\u00f9 j&rsquo;en suis. J&rsquo;y pense. Ce n&rsquo;est pas assez. Donc, je me jette \u00e0 l&rsquo;eau. Et reprend tout \u00e0 z\u00e9ro&#8230; Pour aller plus loin.<\/p>\n<p style=\"text-align: justify;\">Je pars d&rsquo;un trivial constat : il n&rsquo;y a pas une r\u00e9alit\u00e9 mais une multitude de r\u00e9alit\u00e9s. Ainsi existe-t-il une infinit\u00e9 de fa\u00e7ons de regarder, puis de montrer, un m\u00eame paysage, un m\u00eame \u00e9difice, une m\u00eame sc\u00e8ne selon ce que chacun y projette&#8230; D\u00e9sir de creuser l&rsquo;image. D&rsquo;aller voir derri\u00e8re. De la mettre \u00e0 nu. Dos au mur. Sans les subtilit\u00e9s des lumi\u00e8res. Sans les nuances des couleurs. Sans les d\u00e9tails des mati\u00e8res. Tout mettre \u00e0 plat. Aplats de couleurs. Vives. Aplats de formes.<\/p>\n<p style=\"text-align: justify;\">D\u00e9cid\u00e9es. Pour faire ressortir les lignes fortes. Pour r\u00e9sumer le paysage. Pour toucher l&rsquo;essentiel. Pour voir ce qu&rsquo;il reste. Quand on a enlev\u00e9 l&rsquo;artifice. Des lignes qui convergent, d&rsquo;autres qui s&rsquo;\u00e9vitent ; des axes qui se r\u00e9v\u00e8lent, d&rsquo;autres qui \u00e9clatent. A la fronti\u00e8re entre ce qui est et ce qui s&rsquo;imagine. Identit\u00e9s multiples. Un monde modestement r\u00e9invent\u00e9, bizarre et bigarr\u00e9, souvent enchanteur, parfois enchant\u00e9. Fantaisie chromatique.<\/p>\n<div id=\"iLikeThis-146\" class=\"iLikeThis\"><span class=\"counter\"><a onclick=\"likeThis(146);\" class=\"image\">1<\/a><\/span><\/div>\n<p><a href=\"http:\/\/www.facebook.com\/share.php?u=http%3A%2F%2Fwww.loucamino.com%2F%3Fpage_id%3D146&amp;t=Viva%20cit%C3%A9s\" id=\"facebook_share_both_146\" style=\"font-size:11px; line-height:13px; font-family:'lucida grande',tahoma,verdana,arial,sans-serif; text-decoration:none; padding:2px 0 0 20px; height:16px; background:url(http:\/\/b.static.ak.fbcdn.net\/images\/share\/facebook_share_icon.gif) no-repeat top left;\">Share on Facebook<\/a><br \/>\n\t<script type=\"text\/javascript\">\n\t<!--\n\tvar button = document.getElementById('facebook_share_link_146') || document.getElementById('facebook_share_icon_146') || document.getElementById('facebook_share_both_146') || document.getElementById('facebook_share_button_146');\n\tif (button) {\n\t\tbutton.onclick = function(e) {\n\t\t\tvar url = this.href.replace(\/share\\.php\/, 'sharer.php');\n\t\t\twindow.open(url,'sharer','toolbar=0,status=0,width=626,height=436');\n\t\t\treturn false;\n\t\t}\n\t\n\t\tif (button.id === 'facebook_share_button_146') {\n\t\t\tbutton.onmouseover = function(){\n\t\t\t\tthis.style.color='#fff';\n\t\t\t\tthis.style.borderColor = '#295582';\n\t\t\t\tthis.style.backgroundColor = '#3b5998';\n\t\t\t}\n\t\t\tbutton.onmouseout = function(){\n\t\t\t\tthis.style.color = '#3b5998';\n\t\t\t\tthis.style.borderColor = '#d8dfea';\n\t\t\t\tthis.style.backgroundColor = '#fff';\n\t\t\t}\n\t\t}\n\t}\n\t-->\n\t<\/script><\/p>\n","protected":false},"excerpt":{"rendered":"<p>Gen\u00e8se&#8230; Des repas de famille \u00e9mergent parfois d&rsquo;\u00e9tranges impulsions&#8230; Il y a quelques mois, autour de la table donc, les miens. Au complet. Au dessert, quand bien m\u00eame on nous apprend petit qu&rsquo;il ne faut pas sortir de table avant d&rsquo;avoir fini, je me l\u00e8ve. Chercher une enveloppe en papier kraft \u00e9paissie par de r\u00e9cents [&hellip;]<\/p>\n<a href=\"http:\/\/www.facebook.com\/share.php?u=http%3A%2F%2Fwww.loucamino.com%2F%3Fpage_id%3D146&amp;t=Viva%20cit%C3%A9s\" id=\"facebook_share_both_146\" style=\"font-size:11px; line-height:13px; font-family:'lucida grande',tahoma,verdana,arial,sans-serif; text-decoration:none; padding:2px 0 0 20px; height:16px; background:url(http:\/\/b.static.ak.fbcdn.net\/images\/share\/facebook_share_icon.gif) no-repeat top left;\">Share on Facebook<\/a>\r\n\t<script type=\"text\/javascript\">\r\n\t<!--\r\n\tvar button = document.getElementById('facebook_share_link_146') || document.getElementById('facebook_share_icon_146') || document.getElementById('facebook_share_both_146') || document.getElementById('facebook_share_button_146');\r\n\tif (button) {\r\n\t\tbutton.onclick = function(e) {\r\n\t\t\tvar url = this.href.replace(\/share\\.php\/, 'sharer.php');\r\n\t\t\twindow.open(url,'sharer','toolbar=0,status=0,width=626,height=436');\r\n\t\t\treturn false;\r\n\t\t}\r\n\t\r\n\t\tif (button.id === 'facebook_share_button_146') {\r\n\t\t\tbutton.onmouseover = function(){\r\n\t\t\t\tthis.style.color='#fff';\r\n\t\t\t\tthis.style.borderColor = '#295582';\r\n\t\t\t\tthis.style.backgroundColor = '#3b5998';\r\n\t\t\t}\r\n\t\t\tbutton.onmouseout = function(){\r\n\t\t\t\tthis.style.color = '#3b5998';\r\n\t\t\t\tthis.style.borderColor = '#d8dfea';\r\n\t\t\t\tthis.style.backgroundColor = '#fff';\r\n\t\t\t}\r\n\t\t}\r\n\t}\r\n\t-->\r\n\t<\/script>\r\n\t","protected":false},"author":1,"featured_media":0,"parent":0,"menu_order":0,"comment_status":"closed","ping_status":"closed","template":"page-nobanner.php","meta":{"ngg_post_thumbnail":0},"_links":{"self":[{"href":"http:\/\/www.loucamino.com\/index.php?rest_route=\/wp\/v2\/pages\/146"}],"collection":[{"href":"http:\/\/www.loucamino.com\/index.php?rest_route=\/wp\/v2\/pages"}],"about":[{"href":"http:\/\/www.loucamino.com\/index.php?rest_route=\/wp\/v2\/types\/page"}],"author":[{"embeddable":true,"href":"http:\/\/www.loucamino.com\/index.php?rest_route=\/wp\/v2\/users\/1"}],"replies":[{"embeddable":true,"href":"http:\/\/www.loucamino.com\/index.php?rest_route=%2Fwp%2Fv2%2Fcomments&post=146"}],"version-history":[{"count":0,"href":"http:\/\/www.loucamino.com\/index.php?rest_route=\/wp\/v2\/pages\/146\/revisions"}],"wp:attachment":[{"href":"http:\/\/www.loucamino.com\/index.php?rest_route=%2Fwp%2Fv2%2Fmedia&parent=146"}],"curies":[{"name":"wp","href":"https:\/\/api.w.org\/{rel}","templated":true}]}}